{"id":1119,"date":"2020-09-18T13:51:11","date_gmt":"2020-09-18T11:51:11","guid":{"rendered":"https:\/\/belsi.com\/distributors\/"},"modified":"2020-09-18T13:56:55","modified_gmt":"2020-09-18T11:56:55","slug":"distributors","status":"publish","type":"page","link":"https:\/\/belsi.com\/en\/distributors\/","title":{"rendered":"Distributors"},"content":{"rendered":"\t\t<div data-elementor-type=\"wp-page\" data-elementor-id=\"1119\" class=\"elementor elementor-1119 elementor-2\">\n\t\t\t\t\t\t<div class=\"elementor-inner\">\n\t\t\t\t<div class=\"elementor-section-wrap\">\n\t\t\t\t\t\t\t\t\t<section class=\"elementor-section elementor-top-section elementor-element elementor-element-853f777 elementor-section-boxed elementor-section-height-default elementor-section-height-default\" data-id=\"853f777\" data-element_type=\"section\" data-settings=\"{&quot;background_background&quot;:&quot;gradient&quot;}\">\n\t\t\t\t\t\t<div class=\"elementor-container elementor-column-gap-default\">\n\t\t\t\t\t\t\t<div class=\"elementor-row\">\n\t\t\t\t\t<div class=\"elementor-column elementor-col-100 elementor-top-column elementor-element elementor-element-8b4360e\" data-id=\"8b4360e\" data-element_type=\"column\">\n\t\t\t<div class=\"elementor-column-wrap elementor-element-populated\">\n\t\t\t\t\t\t\t<div class=\"elementor-widget-wrap\">\n\t\t\t\t\t\t<div class=\"elementor-element elementor-element-aeec234 elementor-widget elementor-widget-heading\" data-id=\"aeec234\" data-element_type=\"widget\" data-widget_type=\"heading.default\">\n\t\t\t\t<div class=\"elementor-widget-container\">\n\t\t\t<h1 class=\"elementor-heading-title elementor-size-default\">Distributors<\/h1>\t\t<\/div>\n\t\t\t\t<\/div>\n\t\t\t\t\t\t<\/div>\n\t\t\t\t\t<\/div>\n\t\t<\/div>\n\t\t\t\t\t\t\t\t<\/div>\n\t\t\t\t\t<\/div>\n\t\t<\/section>\n\t\t\t\t<section class=\"elementor-section elementor-top-section elementor-element elementor-element-1d74af41 elementor-section-boxed elementor-section-height-default elementor-section-height-default\" data-id=\"1d74af41\" data-element_type=\"section\">\n\t\t\t\t\t\t<div class=\"elementor-container elementor-column-gap-default\">\n\t\t\t\t\t\t\t<div class=\"elementor-row\">\n\t\t\t\t\t<div class=\"elementor-column elementor-col-33 elementor-top-column elementor-element elementor-element-3ae26655\" data-id=\"3ae26655\" data-element_type=\"column\">\n\t\t\t<div class=\"elementor-column-wrap elementor-element-populated\">\n\t\t\t\t\t\t\t<div class=\"elementor-widget-wrap\">\n\t\t\t\t\t\t<div class=\"elementor-element elementor-element-6f457d7 elementor-widget elementor-widget-text-editor\" data-id=\"6f457d7\" data-element_type=\"widget\" data-widget_type=\"text-editor.default\">\n\t\t\t\t<div class=\"elementor-widget-container\">\n\t\t\t\t\t\t\t\t<div class=\"elementor-text-editor elementor-clearfix\">\n\t\t\t\t<h6>DISTRIBUCIONES AIKIDER, S.L<\/h6><p><strong>Address:<\/strong> Ciudad del Transporte,<br \/>C\/ Tudela, 21 &#8211; 31119 Imarcoain (Navarra)<\/p><p><strong>Tel:<\/strong> 948 314 136<br \/><strong>Fax:<\/strong> 948 314 120<br \/><strong>E-mail:<\/strong> <span class=\"enlace\">aikider@aikider.com<\/span><\/p>\t\t\t\t\t<\/div>\n\t\t\t\t\t\t<\/div>\n\t\t\t\t<\/div>\n\t\t\t\t\t\t<\/div>\n\t\t\t\t\t<\/div>\n\t\t<\/div>\n\t\t\t\t<div class=\"elementor-column elementor-col-33 elementor-top-column elementor-element elementor-element-10bee6e\" data-id=\"10bee6e\" data-element_type=\"column\">\n\t\t\t<div class=\"elementor-column-wrap elementor-element-populated\">\n\t\t\t\t\t\t\t<div class=\"elementor-widget-wrap\">\n\t\t\t\t\t\t<div class=\"elementor-element elementor-element-ba7e8ba elementor-widget elementor-widget-text-editor\" data-id=\"ba7e8ba\" data-element_type=\"widget\" data-widget_type=\"text-editor.default\">\n\t\t\t\t<div class=\"elementor-widget-container\">\n\t\t\t\t\t\t\t\t<div class=\"elementor-text-editor elementor-clearfix\">\n\t\t\t\t<h6>COMPA\u00d1\u00cdA NATURKIVA, S.L.<\/h6>\n<p><strong>Address:<\/strong> Calle C, Nave 4. Pol. Ind. Onzonilla Fase II<br \/>24391 Santovenia de la Valdoncina (LE\u00d3N)<\/p>\n<p><strong>Tel:<\/strong> 987 399 222<br \/><strong>E-mail:<\/strong> <span class=\"enlace\">info@naturkiva.es<\/span><\/p>\n\t\t\t\t\t<\/div>\n\t\t\t\t\t\t<\/div>\n\t\t\t\t<\/div>\n\t\t\t\t\t\t<\/div>\n\t\t\t\t\t<\/div>\n\t\t<\/div>\n\t\t\t\t<div class=\"elementor-column elementor-col-33 elementor-top-column elementor-element elementor-element-c0cd8f0\" data-id=\"c0cd8f0\" data-element_type=\"column\">\n\t\t\t<div class=\"elementor-column-wrap elementor-element-populated\">\n\t\t\t\t\t\t\t<div class=\"elementor-widget-wrap\">\n\t\t\t\t\t\t<div class=\"elementor-element elementor-element-c99bcbf elementor-widget elementor-widget-text-editor\" data-id=\"c99bcbf\" data-element_type=\"widget\" data-widget_type=\"text-editor.default\">\n\t\t\t\t<div class=\"elementor-widget-container\">\n\t\t\t\t\t\t\t\t<div class=\"elementor-text-editor elementor-clearfix\">\n\t\t\t\t<h6>NATUREPLANT, S.L.<\/h6>\n<p><strong>Address:<\/strong> Pol. Ind. Finca lacy C\/ El Envalope 16<br \/>03800 Elda (Alicante)<\/p>\n<p><strong>Tel:<\/strong> 965 378 313<br \/><strong>Fax:<\/strong> 965 390 357<br \/><strong>E-mail:<\/strong> <span class=\"enlace\">info@natureplant.com<\/span><\/p>\n\t\t\t\t\t<\/div>\n\t\t\t\t\t\t<\/div>\n\t\t\t\t<\/div>\n\t\t\t\t\t\t<\/div>\n\t\t\t\t\t<\/div>\n\t\t<\/div>\n\t\t\t\t\t\t\t\t<\/div>\n\t\t\t\t\t<\/div>\n\t\t<\/section>\n\t\t\t\t<section class=\"elementor-section elementor-top-section elementor-element elementor-element-10731a7 elementor-section-boxed elementor-section-height-default elementor-section-height-default\" data-id=\"10731a7\" data-element_type=\"section\">\n\t\t\t\t\t\t<div class=\"elementor-container elementor-column-gap-default\">\n\t\t\t\t\t\t\t<div class=\"elementor-row\">\n\t\t\t\t\t<div class=\"elementor-column elementor-col-33 elementor-top-column elementor-element elementor-element-1548663\" data-id=\"1548663\" data-element_type=\"column\">\n\t\t\t<div class=\"elementor-column-wrap elementor-element-populated\">\n\t\t\t\t\t\t\t<div class=\"elementor-widget-wrap\">\n\t\t\t\t\t\t<div class=\"elementor-element elementor-element-4670bd6 elementor-widget elementor-widget-text-editor\" data-id=\"4670bd6\" data-element_type=\"widget\" data-widget_type=\"text-editor.default\">\n\t\t\t\t<div class=\"elementor-widget-container\">\n\t\t\t\t\t\t\t\t<div class=\"elementor-text-editor elementor-clearfix\">\n\t\t\t\t<h6>DIETISUR, S.L.<\/h6>\n<p><strong>Address:<\/strong> Avda. de Jerez, 114<br \/>41014 Sevilla<\/p>\n<p><strong>Tel:<\/strong> 954 692 158<br \/><strong>Fax:<\/strong> 954 690 549<br \/><strong>E-mail:<\/strong> <span class=\"enlace\">dietisur@dietisur.es<\/span><\/p>\n\t\t\t\t\t<\/div>\n\t\t\t\t\t\t<\/div>\n\t\t\t\t<\/div>\n\t\t\t\t\t\t<\/div>\n\t\t\t\t\t<\/div>\n\t\t<\/div>\n\t\t\t\t<div class=\"elementor-column elementor-col-33 elementor-top-column elementor-element elementor-element-a1353de\" data-id=\"a1353de\" data-element_type=\"column\">\n\t\t\t<div class=\"elementor-column-wrap elementor-element-populated\">\n\t\t\t\t\t\t\t<div class=\"elementor-widget-wrap\">\n\t\t\t\t\t\t<div class=\"elementor-element elementor-element-d8dc867 elementor-widget elementor-widget-text-editor\" data-id=\"d8dc867\" data-element_type=\"widget\" data-widget_type=\"text-editor.default\">\n\t\t\t\t<div class=\"elementor-widget-container\">\n\t\t\t\t\t\t\t\t<div class=\"elementor-text-editor elementor-clearfix\">\n\t\t\t\t<h6>LA ZANAHORIA BIOGLOBAL, S.L.<\/h6>\n<p><strong>Address:<\/strong> C\/ Luis Doreste Silva, 79<br \/>35004 Las Palmas de Gran Canaria<\/p>\n<p><strong>Tel:<\/strong> 928 297 782<br \/><strong>Fax:<\/strong> 928 296 534<br \/><strong>E-mail:<\/strong> <span class=\"enlace\">info@lazanahoria.es<\/span><\/p>\n\t\t\t\t\t<\/div>\n\t\t\t\t\t\t<\/div>\n\t\t\t\t<\/div>\n\t\t\t\t\t\t<\/div>\n\t\t\t\t\t<\/div>\n\t\t<\/div>\n\t\t\t\t<div class=\"elementor-column elementor-col-33 elementor-top-column elementor-element elementor-element-ea57af2\" data-id=\"ea57af2\" data-element_type=\"column\">\n\t\t\t<div class=\"elementor-column-wrap elementor-element-populated\">\n\t\t\t\t\t\t\t<div class=\"elementor-widget-wrap\">\n\t\t\t\t\t\t<div class=\"elementor-element elementor-element-48639bf elementor-widget elementor-widget-text-editor\" data-id=\"48639bf\" data-element_type=\"widget\" data-widget_type=\"text-editor.default\">\n\t\t\t\t<div class=\"elementor-widget-container\">\n\t\t\t\t\t\t\t\t<div class=\"elementor-text-editor elementor-clearfix\">\n\t\t\t\t<h6>DISNADIET<\/h6>\n<p><strong>Address:<\/strong> C\/ Valladolid, 2 &#8211; 4.<br \/>Pol. Ind. Valdonaire<br \/>28970 Humanes de Madrid (Madrid)<\/p>\n<p><strong>Tel:<\/strong> 91 615 81 09<br \/><span class=\"enlace\"><strong>E-mail: <\/strong>administracion@disnadiet.com<\/span><\/p>\n\t\t\t\t\t<\/div>\n\t\t\t\t\t\t<\/div>\n\t\t\t\t<\/div>\n\t\t\t\t\t\t<\/div>\n\t\t\t\t\t<\/div>\n\t\t<\/div>\n\t\t\t\t\t\t\t\t<\/div>\n\t\t\t\t\t<\/div>\n\t\t<\/section>\n\t\t\t\t<section class=\"elementor-section elementor-top-section elementor-element elementor-element-62364c2 elementor-section-boxed elementor-section-height-default elementor-section-height-default\" data-id=\"62364c2\" data-element_type=\"section\">\n\t\t\t\t\t\t<div class=\"elementor-container elementor-column-gap-default\">\n\t\t\t\t\t\t\t<div class=\"elementor-row\">\n\t\t\t\t\t<div class=\"elementor-column elementor-col-33 elementor-top-column elementor-element elementor-element-5626139\" data-id=\"5626139\" data-element_type=\"column\">\n\t\t\t<div class=\"elementor-column-wrap elementor-element-populated\">\n\t\t\t\t\t\t\t<div class=\"elementor-widget-wrap\">\n\t\t\t\t\t\t<div class=\"elementor-element elementor-element-3959584 elementor-widget elementor-widget-text-editor\" data-id=\"3959584\" data-element_type=\"widget\" data-widget_type=\"text-editor.default\">\n\t\t\t\t<div class=\"elementor-widget-container\">\n\t\t\t\t\t\t\t\t<div class=\"elementor-text-editor elementor-clearfix\">\n\t\t\t\t<h6>BIOTZA BANAKETAK<\/h6>\n<p><strong>Address:<\/strong> Paseo de los Mikeletes 4,<br \/>20008 Donostia (Guipuzkoa)<\/p>\n<p><strong>Tel:<\/strong> 943 10 18 15 \/ 685 754 778<br \/><span class=\"enlace\"><strong>E-mail: <\/strong>bio_tza@hotmail.com<\/span><\/p>\n\t\t\t\t\t<\/div>\n\t\t\t\t\t\t<\/div>\n\t\t\t\t<\/div>\n\t\t\t\t\t\t<\/div>\n\t\t\t\t\t<\/div>\n\t\t<\/div>\n\t\t\t\t<div class=\"elementor-column elementor-col-33 elementor-top-column elementor-element elementor-element-01852ad\" data-id=\"01852ad\" data-element_type=\"column\">\n\t\t\t<div class=\"elementor-column-wrap elementor-element-populated\">\n\t\t\t\t\t\t\t<div class=\"elementor-widget-wrap\">\n\t\t\t\t\t\t<div class=\"elementor-element elementor-element-8e393d6 elementor-widget elementor-widget-text-editor\" data-id=\"8e393d6\" data-element_type=\"widget\" data-widget_type=\"text-editor.default\">\n\t\t\t\t<div class=\"elementor-widget-container\">\n\t\t\t\t\t\t\t\t<div class=\"elementor-text-editor elementor-clearfix\">\n\t\t\t\t<h6>NATURECO, S.L.<\/h6>\n<p><strong>Address: <\/strong>Avda. del Prat, 20-22 <br \/>08180 Moi\u00e0 (Barcelona)<\/p>\n<p><strong>Tel:<\/strong> 938 300 166<br \/><strong>Fax:<\/strong> 938 208 40<br \/><strong>E-mail:<\/strong> <span class=\"enlace\">info@natureco.cat<\/span><\/p>\n\t\t\t\t\t<\/div>\n\t\t\t\t\t\t<\/div>\n\t\t\t\t<\/div>\n\t\t\t\t\t\t<\/div>\n\t\t\t\t\t<\/div>\n\t\t<\/div>\n\t\t\t\t<div class=\"elementor-column elementor-col-33 elementor-top-column elementor-element elementor-element-d16dbe3\" data-id=\"d16dbe3\" data-element_type=\"column\">\n\t\t\t<div class=\"elementor-column-wrap elementor-element-populated\">\n\t\t\t\t\t\t\t<div class=\"elementor-widget-wrap\">\n\t\t\t\t\t\t<div class=\"elementor-element elementor-element-e7763eb elementor-widget elementor-widget-text-editor\" data-id=\"e7763eb\" data-element_type=\"widget\" data-widget_type=\"text-editor.default\">\n\t\t\t\t<div class=\"elementor-widget-container\">\n\t\t\t\t\t\t\t\t<div class=\"elementor-text-editor elementor-clearfix\">\n\t\t\t\t<h6>ECOPLAZA, 28<\/h6>\n<p><strong>Address: <\/strong>Avda. diagonal 14,<br \/>Nave 28, P.I. Plaza<br \/>50197 Zaragoza<\/p>\n<p><strong>Tel:<\/strong> 876 768 758<br \/><strong>Fax:<\/strong> 876 768 759<br \/><strong>E-mail: <\/strong>info@ecoplaza.es<\/p>\n\t\t\t\t\t<\/div>\n\t\t\t\t\t\t<\/div>\n\t\t\t\t<\/div>\n\t\t\t\t\t\t<\/div>\n\t\t\t\t\t<\/div>\n\t\t<\/div>\n\t\t\t\t\t\t\t\t<\/div>\n\t\t\t\t\t<\/div>\n\t\t<\/section>\n\t\t\t\t<section class=\"elementor-section elementor-top-section elementor-element elementor-element-2f94a5f elementor-section-boxed elementor-section-height-default elementor-section-height-default\" data-id=\"2f94a5f\" data-element_type=\"section\">\n\t\t\t\t\t\t<div class=\"elementor-container elementor-column-gap-default\">\n\t\t\t\t\t\t\t<div class=\"elementor-row\">\n\t\t\t\t\t<div class=\"elementor-column elementor-col-33 elementor-top-column elementor-element elementor-element-ab22cdb\" data-id=\"ab22cdb\" data-element_type=\"column\">\n\t\t\t<div class=\"elementor-column-wrap elementor-element-populated\">\n\t\t\t\t\t\t\t<div class=\"elementor-widget-wrap\">\n\t\t\t\t\t\t<div class=\"elementor-element elementor-element-3a7342e elementor-widget elementor-widget-text-editor\" data-id=\"3a7342e\" data-element_type=\"widget\" data-widget_type=\"text-editor.default\">\n\t\t\t\t<div class=\"elementor-widget-container\">\n\t\t\t\t\t\t\t\t<div class=\"elementor-text-editor elementor-clearfix\">\n\t\t\t\t<h6>DISTRIBUCIONES JOSMER, C.B.<\/h6>\n<p><strong>Address:<\/strong> Arc. De Sant Mart\u00ed, 16, local 2 &#8211; 07011 Palma de Mallorca (Baleares)<\/p>\n<p><strong>Tel: <\/strong>971 450 310<br \/><strong>Fax:<\/strong> 971 450 310<br \/><strong>E-mail:<\/strong> <span class=\"enlace\">distribuciones.josmer@gmail.com<\/span><\/p>\n\t\t\t\t\t<\/div>\n\t\t\t\t\t\t<\/div>\n\t\t\t\t<\/div>\n\t\t\t\t\t\t<\/div>\n\t\t\t\t\t<\/div>\n\t\t<\/div>\n\t\t\t\t<div class=\"elementor-column elementor-col-33 elementor-top-column elementor-element elementor-element-47d435a\" data-id=\"47d435a\" data-element_type=\"column\">\n\t\t\t<div class=\"elementor-column-wrap elementor-element-populated\">\n\t\t\t\t\t\t\t<div class=\"elementor-widget-wrap\">\n\t\t\t\t\t\t<div class=\"elementor-element elementor-element-58c14a4 elementor-widget elementor-widget-text-editor\" data-id=\"58c14a4\" data-element_type=\"widget\" data-widget_type=\"text-editor.default\">\n\t\t\t\t<div class=\"elementor-widget-container\">\n\t\t\t\t\t\t\t\t<div class=\"elementor-text-editor elementor-clearfix\">\n\t\t\t\t<h6>VERDIS NATURE S.L.<\/h6>\n<p><strong>Address:<\/strong> P.I. de Villadangos,<br \/>Calle 1, Parc. 99<br \/>24392 Villadangos del P\u00e1ramo (Le\u00f3n)<\/p>\n<p><strong>Tel:<\/strong> 987 100 123<br \/><strong>Fax:<\/strong> 987 391 420<br \/><strong>E-mail:<\/strong> <span class=\"enlace\">info@verdisbio.com<\/span><\/p>\n\t\t\t\t\t<\/div>\n\t\t\t\t\t\t<\/div>\n\t\t\t\t<\/div>\n\t\t\t\t\t\t<\/div>\n\t\t\t\t\t<\/div>\n\t\t<\/div>\n\t\t\t\t<div class=\"elementor-column elementor-col-33 elementor-top-column elementor-element elementor-element-919579c\" data-id=\"919579c\" data-element_type=\"column\">\n\t\t\t<div class=\"elementor-column-wrap elementor-element-populated\">\n\t\t\t\t\t\t\t<div class=\"elementor-widget-wrap\">\n\t\t\t\t\t\t<div class=\"elementor-element elementor-element-7c744b8 elementor-widget elementor-widget-text-editor\" data-id=\"7c744b8\" data-element_type=\"widget\" data-widget_type=\"text-editor.default\">\n\t\t\t\t<div class=\"elementor-widget-container\">\n\t\t\t\t\t\t\t\t<div class=\"elementor-text-editor elementor-clearfix\">\n\t\t\t\t<h6>BIOSELECCI\u00d3N S.L.<\/h6>\n<p><strong>Address:<\/strong> Pol. Pocomaco,<br \/>Primera Avenida num. 9<br \/>15190 A Coru\u00f1a<\/p>\n<p><strong>Tel:<\/strong> 981 242 435<br \/><strong>Fax:<\/strong> 881 924 134<br \/><strong>E-mail:<\/strong> <span class=\"enlace\">bioseleccion@bioseleccion.com<\/span><\/p>\n\t\t\t\t\t<\/div>\n\t\t\t\t\t\t<\/div>\n\t\t\t\t<\/div>\n\t\t\t\t\t\t<\/div>\n\t\t\t\t\t<\/div>\n\t\t<\/div>\n\t\t\t\t\t\t\t\t<\/div>\n\t\t\t\t\t<\/div>\n\t\t<\/section>\n\t\t\t\t<section class=\"elementor-section elementor-top-section elementor-element elementor-element-80065ff elementor-section-boxed elementor-section-height-default elementor-section-height-default\" data-id=\"80065ff\" data-element_type=\"section\">\n\t\t\t\t\t\t<div class=\"elementor-container elementor-column-gap-default\">\n\t\t\t\t\t\t\t<div class=\"elementor-row\">\n\t\t\t\t\t<div class=\"elementor-column elementor-col-33 elementor-top-column elementor-element elementor-element-e8f4dd5\" data-id=\"e8f4dd5\" data-element_type=\"column\">\n\t\t\t<div class=\"elementor-column-wrap elementor-element-populated\">\n\t\t\t\t\t\t\t<div class=\"elementor-widget-wrap\">\n\t\t\t\t\t\t<div class=\"elementor-element elementor-element-2514916 elementor-widget elementor-widget-text-editor\" data-id=\"2514916\" data-element_type=\"widget\" data-widget_type=\"text-editor.default\">\n\t\t\t\t<div class=\"elementor-widget-container\">\n\t\t\t\t\t\t\t\t<div class=\"elementor-text-editor elementor-clearfix\">\n\t\t\t\t<h6>DIETIMPORT, S.A.<\/h6>\n<p><strong>Address:<\/strong> Rua 1\u00ba de Dezembro, 45, 3\u00ba<br \/>1249-057 Lisboa (Portugal)<\/p>\n<p><strong>Tel:<\/strong> 00 351 213 471100<br \/><strong>Fax:<\/strong> 00 351 213 472269<\/p>\n\t\t\t\t\t<\/div>\n\t\t\t\t\t\t<\/div>\n\t\t\t\t<\/div>\n\t\t\t\t\t\t<\/div>\n\t\t\t\t\t<\/div>\n\t\t<\/div>\n\t\t\t\t<div class=\"elementor-column elementor-col-33 elementor-top-column elementor-element elementor-element-3a00eb3\" data-id=\"3a00eb3\" data-element_type=\"column\">\n\t\t\t<div class=\"elementor-column-wrap\">\n\t\t\t\t\t\t\t<div class=\"elementor-widget-wrap\">\n\t\t\t\t\t\t\t\t<\/div>\n\t\t\t\t\t<\/div>\n\t\t<\/div>\n\t\t\t\t<div class=\"elementor-column elementor-col-33 elementor-top-column elementor-element elementor-element-d628da3\" data-id=\"d628da3\" data-element_type=\"column\">\n\t\t\t<div class=\"elementor-column-wrap\">\n\t\t\t\t\t\t\t<div class=\"elementor-widget-wrap\">\n\t\t\t\t\t\t\t\t<\/div>\n\t\t\t\t\t<\/div>\n\t\t<\/div>\n\t\t\t\t\t\t\t\t<\/div>\n\t\t\t\t\t<\/div>\n\t\t<\/section>\n\t\t\t\t\t\t\t\t\t<\/div>\n\t\t\t<\/div>\n\t\t\t\t\t<\/div>\n\t\t","protected":false},"excerpt":{"rendered":"<p>Distributors DISTRIBUCIONES AIKIDER, S.L Address: Ciudad del Transporte,C\/ Tudela, 21 &#8211; 31119 Imarcoain (Navarra) Tel: 948 314 136Fax: 948 314 120E-mail: aikider@aikider.com COMPA\u00d1\u00cdA NATURKIVA, S.L. Address: Calle C, Nave 4. Pol. Ind. Onzonilla Fase II24391 Santovenia de la Valdoncina (LE\u00d3N) Tel: 987 399 222E-mail: info@naturkiva.es NATUREPLANT, S.L. Address: Pol. Ind. Finca lacy C\/ El Envalope [&hellip;]<\/p>\n","protected":false},"author":1,"featured_media":0,"parent":0,"menu_order":0,"comment_status":"closed","ping_status":"closed","template":"elementor_header_footer","meta":[],"acf":[],"yoast_head":"<!-- This site is optimized with the Yoast SEO plugin v19.6 - https:\/\/yoast.com\/wordpress\/plugins\/seo\/ -->\n<title>Distributors - Belsi<\/title>\n<meta name=\"robots\" content=\"index, follow, max-snippet:-1, max-image-preview:large, max-video-preview:-1\" \/>\n<link rel=\"canonical\" href=\"https:\/\/belsi.com\/en\/distributors\/\" \/>\n<meta property=\"og:locale\" content=\"en_US\" \/>\n<meta property=\"og:type\" content=\"article\" \/>\n<meta property=\"og:title\" content=\"Distributors - Belsi\" \/>\n<meta property=\"og:description\" content=\"Distributors DISTRIBUCIONES AIKIDER, S.L Address: Ciudad del Transporte,C\/ Tudela, 21 &#8211; 31119 Imarcoain (Navarra) Tel: 948 314 136Fax: 948 314 120E-mail: aikider@aikider.com COMPA\u00d1\u00cdA NATURKIVA, S.L. Address: Calle C, Nave 4. Pol. Ind. Onzonilla Fase II24391 Santovenia de la Valdoncina (LE\u00d3N) Tel: 987 399 222E-mail: info@naturkiva.es NATUREPLANT, S.L. Address: Pol. Ind. Finca lacy C\/ El Envalope [&hellip;]\" \/>\n<meta property=\"og:url\" content=\"https:\/\/belsi.com\/en\/distributors\/\" \/>\n<meta property=\"og:site_name\" content=\"Belsi\" \/>\n<meta property=\"article:modified_time\" content=\"2020-09-18T11:56:55+00:00\" \/>\n<meta name=\"twitter:card\" content=\"summary_large_image\" \/>\n<meta name=\"twitter:label1\" content=\"Est. reading time\" \/>\n\t<meta name=\"twitter:data1\" content=\"1 minute\" \/>\n<script type=\"application\/ld+json\" class=\"yoast-schema-graph\">{\"@context\":\"https:\/\/schema.org\",\"@graph\":[{\"@type\":\"WebPage\",\"@id\":\"https:\/\/belsi.com\/en\/distributors\/\",\"url\":\"https:\/\/belsi.com\/en\/distributors\/\",\"name\":\"Distributors - Belsi\",\"isPartOf\":{\"@id\":\"https:\/\/belsi.com\/es\/#website\"},\"datePublished\":\"2020-09-18T11:51:11+00:00\",\"dateModified\":\"2020-09-18T11:56:55+00:00\",\"breadcrumb\":{\"@id\":\"https:\/\/belsi.com\/en\/distributors\/#breadcrumb\"},\"inLanguage\":\"en-US\",\"potentialAction\":[{\"@type\":\"ReadAction\",\"target\":[\"https:\/\/belsi.com\/en\/distributors\/\"]}]},{\"@type\":\"BreadcrumbList\",\"@id\":\"https:\/\/belsi.com\/en\/distributors\/#breadcrumb\",\"itemListElement\":[{\"@type\":\"ListItem\",\"position\":1,\"name\":\"Home\",\"item\":\"https:\/\/belsi.com\/en\/\"},{\"@type\":\"ListItem\",\"position\":2,\"name\":\"Distributors\"}]},{\"@type\":\"WebSite\",\"@id\":\"https:\/\/belsi.com\/es\/#website\",\"url\":\"https:\/\/belsi.com\/es\/\",\"name\":\"Belsi - Galletas Ecol\u00f3gicas y Artesanas\",\"description\":\"Galletas ecol\u00f3gicas de trigo y espelta\",\"publisher\":{\"@id\":\"https:\/\/belsi.com\/es\/#organization\"},\"potentialAction\":[{\"@type\":\"SearchAction\",\"target\":{\"@type\":\"EntryPoint\",\"urlTemplate\":\"https:\/\/belsi.com\/es\/?s={search_term_string}\"},\"query-input\":\"required name=search_term_string\"}],\"inLanguage\":\"en-US\"},{\"@type\":\"Organization\",\"@id\":\"https:\/\/belsi.com\/es\/#organization\",\"name\":\"Belsi\",\"url\":\"https:\/\/belsi.com\/es\/\",\"sameAs\":[],\"logo\":{\"@type\":\"ImageObject\",\"inLanguage\":\"en-US\",\"@id\":\"https:\/\/belsi.com\/es\/#\/schema\/logo\/image\/\",\"url\":\"https:\/\/belsi.com\/wp-content\/uploads\/2020\/02\/belsi-logo-grande.png\",\"contentUrl\":\"https:\/\/belsi.com\/wp-content\/uploads\/2020\/02\/belsi-logo-grande.png\",\"width\":822,\"height\":562,\"caption\":\"Belsi\"},\"image\":{\"@id\":\"https:\/\/belsi.com\/es\/#\/schema\/logo\/image\/\"}}]}<\/script>\n<!-- \/ Yoast SEO plugin. -->","yoast_head_json":{"title":"Distributors - Belsi","robots":{"index":"index","follow":"follow","max-snippet":"max-snippet:-1","max-image-preview":"max-image-preview:large","max-video-preview":"max-video-preview:-1"},"canonical":"https:\/\/belsi.com\/en\/distributors\/","og_locale":"en_US","og_type":"article","og_title":"Distributors - Belsi","og_description":"Distributors DISTRIBUCIONES AIKIDER, S.L Address: Ciudad del Transporte,C\/ Tudela, 21 &#8211; 31119 Imarcoain (Navarra) Tel: 948 314 136Fax: 948 314 120E-mail: aikider@aikider.com COMPA\u00d1\u00cdA NATURKIVA, S.L. Address: Calle C, Nave 4. Pol. Ind. Onzonilla Fase II24391 Santovenia de la Valdoncina (LE\u00d3N) Tel: 987 399 222E-mail: info@naturkiva.es NATUREPLANT, S.L. Address: Pol. Ind. Finca lacy C\/ El Envalope [&hellip;]","og_url":"https:\/\/belsi.com\/en\/distributors\/","og_site_name":"Belsi","article_modified_time":"2020-09-18T11:56:55+00:00","twitter_card":"summary_large_image","twitter_misc":{"Est. reading time":"1 minute"},"schema":{"@context":"https:\/\/schema.org","@graph":[{"@type":"WebPage","@id":"https:\/\/belsi.com\/en\/distributors\/","url":"https:\/\/belsi.com\/en\/distributors\/","name":"Distributors - Belsi","isPartOf":{"@id":"https:\/\/belsi.com\/es\/#website"},"datePublished":"2020-09-18T11:51:11+00:00","dateModified":"2020-09-18T11:56:55+00:00","breadcrumb":{"@id":"https:\/\/belsi.com\/en\/distributors\/#breadcrumb"},"inLanguage":"en-US","potentialAction":[{"@type":"ReadAction","target":["https:\/\/belsi.com\/en\/distributors\/"]}]},{"@type":"BreadcrumbList","@id":"https:\/\/belsi.com\/en\/distributors\/#breadcrumb","itemListElement":[{"@type":"ListItem","position":1,"name":"Home","item":"https:\/\/belsi.com\/en\/"},{"@type":"ListItem","position":2,"name":"Distributors"}]},{"@type":"WebSite","@id":"https:\/\/belsi.com\/es\/#website","url":"https:\/\/belsi.com\/es\/","name":"Belsi - Galletas Ecol\u00f3gicas y Artesanas","description":"Galletas ecol\u00f3gicas de trigo y espelta","publisher":{"@id":"https:\/\/belsi.com\/es\/#organization"},"potentialAction":[{"@type":"SearchAction","target":{"@type":"EntryPoint","urlTemplate":"https:\/\/belsi.com\/es\/?s={search_term_string}"},"query-input":"required name=search_term_string"}],"inLanguage":"en-US"},{"@type":"Organization","@id":"https:\/\/belsi.com\/es\/#organization","name":"Belsi","url":"https:\/\/belsi.com\/es\/","sameAs":[],"logo":{"@type":"ImageObject","inLanguage":"en-US","@id":"https:\/\/belsi.com\/es\/#\/schema\/logo\/image\/","url":"https:\/\/belsi.com\/wp-content\/uploads\/2020\/02\/belsi-logo-grande.png","contentUrl":"https:\/\/belsi.com\/wp-content\/uploads\/2020\/02\/belsi-logo-grande.png","width":822,"height":562,"caption":"Belsi"},"image":{"@id":"https:\/\/belsi.com\/es\/#\/schema\/logo\/image\/"}}]}},"_links":{"self":[{"href":"https:\/\/belsi.com\/en\/wp-json\/wp\/v2\/pages\/1119"}],"collection":[{"href":"https:\/\/belsi.com\/en\/wp-json\/wp\/v2\/pages"}],"about":[{"href":"https:\/\/belsi.com\/en\/wp-json\/wp\/v2\/types\/page"}],"author":[{"embeddable":true,"href":"https:\/\/belsi.com\/en\/wp-json\/wp\/v2\/users\/1"}],"replies":[{"embeddable":true,"href":"https:\/\/belsi.com\/en\/wp-json\/wp\/v2\/comments?post=1119"}],"version-history":[{"count":0,"href":"https:\/\/belsi.com\/en\/wp-json\/wp\/v2\/pages\/1119\/revisions"}],"wp:attachment":[{"href":"https:\/\/belsi.com\/en\/wp-json\/wp\/v2\/media?parent=1119"}],"curies":[{"name":"wp","href":"https:\/\/api.w.org\/{rel}","templated":true}]}}